{"id":344,"date":"2021-07-25T19:52:48","date_gmt":"2021-07-25T19:52:48","guid":{"rendered":"https:\/\/melis-yeter.de\/?page_id=344"},"modified":"2021-08-23T19:02:53","modified_gmt":"2021-08-23T19:02:53","slug":"gerechte-bildung","status":"publish","type":"page","link":"https:\/\/melis-yeter.de\/?page_id=344","title":{"rendered":"Gerech\u00adte Bildung"},"content":{"rendered":"<p>[et_\u200bpb_\u200bsection fb_built=\u201c1\u201d custom_padding_last_edited=\u201con|phone\u201d disabled_on=\u201coff|off|off\u201d _builder_version=\u201c4.9.7\u201d _module_preset=\u201cdefault\u201d background_image=\u201chttps:\/\/melis-yeter.de\/wp-content\/uploads\/2021\/07\/pencil-3744153_1920.jpg\u201d parallax=\u201con\u201d custom_padding=\u201c6vh||6vh||true|false\u201d custom_padding_tablet=\u201c15vh||15vh||true|false\u201d custom_padding_phone=\u201c15vh||15vh||true|false\u201d][et_pb_row _builder_version=\u201c4.9.4\u201d _module_preset=\u201cdefault\u201d][et_pb_column type=\u201c4_4\u201d _builder_version=\u201c4.9.4\u201d _module_preset=\u201cdefault\u201d][et_pb_text _builder_version=\u201c4.9.7\u201d _module_preset=\u201cdefault\u201d text_text_color=\u201d#E3000F\u201d header_font=\u201d|800||on|||||\u201d header_text_align=\u201cleft\u201d header_text_color=\u201d#FFFFFF\u201d header_font_size=\u201c100px\u201d header_line_height=\u201c1.1em\u201d custom_margin=\u201d-1px||||false|false\u201d custom_margin_tablet=\u201d-10px||||false|false\u201d custom_margin_phone=\u201d-10px||||false|false\u201d custom_margin_last_edited=\u201con|phone\u201d hover_enabled=\u201c0\u201d header_font_size_tablet=\u201c70px\u201d header_font_size_phone=\u201c40px\u201d header_font_size_last_edited=\u201con|phone\u201d header_text_shadow_style=\u201cpreset1\u201d sticky_enabled=\u201c0\u201d]<\/p>\n<h1 style=\"text-align: left;\"><span style=\"color: #ffffff;\">Gerech\u00adte Bil\u00addung f\u00fcr&nbsp;alle<br><\/span><\/h1>\n<p>[\/et_pb_text][\/et_pb_column][\/et_pb_row][\/et_pb_section][et_pb_section fb_built=\u201c1\u201d module_id=\u201csocialmedia\u201d _builder_version=\u201c4.9.4\u201d _module_preset=\u201cdefault\u201d background_color=\u201d#e7f3ec\u201d][et_pb_row _builder_version=\u201c4.9.4\u201d _module_preset=\u201cdefault\u201d][et_pb_column type=\u201c4_4\u201d _builder_version=\u201c4.7.4\u201d _module_preset=\u201cdefault\u201d][et_pb_text _builder_version=\u201c4.9.7\u201d _module_preset=\u201cdefault\u201d text_text_color=\u201c#000000\u201d text_font_size=\u201c18px\u201d text_line_height=\u201c1.8em\u201d header_font=\u201d|800|||||||\u201d header_text_color=\u201c#E02B20\u201d]<\/p>\n<p><b>Jedes Kind ver\u00addient die glei\u00adchen Chan\u00adcen<\/b><span style=\"font-weight: 400;\"> auf ein gl\u00fcck\u00adli\u00adches und selbst\u00adst\u00e4n\u00addi\u00adges Leben. Das f\u00e4ngt schon in den fr\u00fc\u00adhes\u00adten Lebens\u00adjah\u00adren an. Daf\u00fcr set\u00adze ich mich ein&nbsp;: die <\/span><b>Garan\u00adtie auf einen Kita-Platz<\/b><span style=\"font-weight: 400;\"> durch\u00adzu\u00adset\u00adzen. Der regel\u00adm\u00e4\u00ad\u00dfi\u00adge Besuch einer KiTa stellt ein wesent\u00adli\u00adches Fun\u00adda\u00adment f\u00fcr Bil\u00addung und Teil\u00adha\u00adbe dar. Eltern wer\u00adden durch KiTas gezielt entlastet.<\/span><\/p>\n<p><b>Spra\u00adche muss als Chan\u00adce begrif\u00adfen wer\u00adden<\/b><span style=\"font-weight: 400;\">. Im Gesund\u00adbrun\u00adnen leben 2&nbsp;von 3&nbsp;Kin\u00addern in Eltern\u00adh\u00e4u\u00adsern, in denen nicht in ers\u00adter Linie Deutsch gespro\u00adchen wird. Das darf aber kein Hin\u00adder\u00adnis auf dem Bil\u00addungs\u00adweg dar\u00adstel\u00adlen, son\u00addern <\/span><b>Mehr\u00adspra\u00adchig\u00adkeit muss als Berei\u00adche\u00adrung ver\u00adstan\u00adden wer\u00adden<\/b><span style=\"font-weight: 400;\">.<\/span><\/p>\n<p><span style=\"font-weight: 400;\">Dar\u00adum set\u00adze ich mich f\u00fcr <\/span><b>mehr sprach\u00adsen\u00adsi\u00adbles Leh\u00adren<\/b><span style=\"font-weight: 400;\"> ein. Das hei\u00dft <\/span><b>ver\u00adpflich\u00adten\u00adde Wei\u00adter\u00adbil\u00addun\u00adgen<\/b><span style=\"font-weight: 400;\"> f\u00fcr Lehr\u00adkr\u00e4f\u00adte und f\u00e4cher\u00ad\u00fcber\u00adgrei\u00adfen\u00adde Priorit\u00e4t.<\/span><\/p>\n<p><b>Lan\u00adges gemein\u00adsa\u00admes Ler\u00adnen ver\u00adbes\u00adsert den Bil\u00addungs\u00ader\u00adfolg.<\/b><span style=\"font-weight: 400;\"> Das Modell Gemein\u00adschafts\u00adschu\u00adle ist in Ber\u00adlin als fes\u00adte Gr\u00f6\u00ad\u00dfe ver\u00adan\u00adkert. Das erm\u00f6g\u00adlicht einen Besuch der\u00adsel\u00adben Schu\u00adle von der 1. bis zur 13. Klas\u00adse. Lehrer*innen k\u00f6n\u00adnen somit bes\u00adser auf indi\u00advi\u00addu\u00adel\u00adle Bed\u00fcrf\u00adnis\u00adse von Sch\u00fcler*innen ein\u00adge\u00adhen und das&nbsp; Gemein\u00adschafts\u00adge\u00adf\u00fchl wird gest\u00e4rkt. Ich set\u00adze mich f\u00fcr ein sol\u00adches Ange\u00adbot am Gesund\u00adbrun\u00adnen&nbsp;ein.<\/span><\/p>\n<p><b>Das Ganz\u00adtags\u00adan\u00adge\u00adbot von Schu\u00adlen muss wei\u00adter aus\u00adge\u00adbaut wer\u00adden.<\/b><span style=\"font-weight: 400;\"> Eine wich\u00adti\u00adge Ursa\u00adche f\u00fcr unglei\u00adche Bil\u00addungs\u00adchan\u00adcen sind unglei\u00adche Vor\u00adaus\u00adset\u00adzun\u00adgen in den Eltern\u00adh\u00e4u\u00adsern der Sch\u00fcler*innen. Ein allein\u00ader\u00adzie\u00adhen\u00addes Eltern\u00adteil das durch einen Voll\u00adzeit-Job kei\u00adne Zeit f\u00fcr Haus\u00adauf\u00adga\u00adben\u00adbe\u00adtreu\u00adung hat, darf der Ent\u00adwick\u00adlung von Kin\u00addern nicht entgegenstehen.&nbsp;<\/span><\/p>\n<p>[\/et_pb_text][\/et_pb_column][\/et_pb_row][\/et_pb_section][et_pb_section fb_built=\u201c1\u201d custom_padding_last_edited=\u201con|phone\u201d module_id=\u201ckontakt\u201d _builder_version=\u201c4.9.4\u201d _module_preset=\u201cdefault\u201d use_background_color_gradient=\u201con\u201d background_color_gradient_start=\u201crgba(15,10,4,0.4)\u201d background_color_gradient_end=\u201crgba(15,10,4,0.4)\u201d background_color_gradient_overlays_image=\u201con\u201d background_image=\u201chttps:\/\/melis-yeter.de\/wp-content\/uploads\/2021\/05\/MelisYeter-17-scaled.jpg\u201d parallax=\u201con\u201d custom_padding=\u201c0vh||0vh||true|false\u201d custom_padding_tablet=\u201c10vh||10vh||true|false\u201d custom_padding_phone=\u201c10vh||10vh||true|false\u201d][et_pb_row column_structure=\u201c2_3,1_3\u201d use_custom_gutter=\u201con\u201d gutter_width=\u201c1\u201d make_equal=\u201con\u201d _builder_version=\u201c4.9.4\u201d _module_preset=\u201cdefault\u201d width=\u201c90%\u201d width_tablet=\u201c90%\u201d width_phone=\u201c90%\u201d width_last_edited=\u201con|tablet\u201d max_width=\u201c1290px\u201d max_width_tablet=\u201c90%\u201d max_width_phone=\u201c90%\u201d max_width_last_edited=\u201con|desktop\u201d custom_padding=\u201c18px||18px||true|false\u201d][et_pb_column type=\u201c2_3\u201d _builder_version=\u201c4.9.4\u201d _module_preset=\u201cdefault\u201d custom_padding=\u201c100px||||false|false\u201d custom_padding_tablet=\u201c0px||50px||false|false\u201d custom_padding_phone=\u201c0px||50px||false|false\u201d custom_padding_last_edited=\u201con|phone\u201d animation_style=\u201cslide\u201d animation_direction=\u201cbottom\u201d animation_duration=\u201c1500ms\u201d][et_pb_text _builder_version=\u201c4.9.7\u201d _module_preset=\u201cdefault\u201d text_font=\u201d|700||on|||||\u201d text_text_color=\u201d#ffffff\u201d text_font_size=\u201c22px\u201d text_line_height=\u201c1em\u201d hover_enabled=\u201c0\u201d text_\u200bfont_\u200bsize_\u200btablet=\u201d\u201d text_font_size_phone=\u201c16px\u201d text_font_size_last_edited=\u201con|phone\u201d text_text_shadow_style=\u201cpreset1\u201d sticky_enabled=\u201c0\u201d]<\/p>\n<p>Von hier. Zusam\u00admen.&nbsp;Voran.<\/p>\n<p>[\/et_pb_text][et_pb_text _builder_version=\u201c4.9.7\u201d _module_preset=\u201cdefault\u201d header_font=\u201d|||on|||||\u201d header_text_align=\u201cleft\u201d header_text_color=\u201d#FFFFFF\u201d header_font_size=\u201c75px\u201d header_letter_spacing=\u201d-3.8px\u201d header_line_height=\u201c1.2em\u201d custom_margin=\u201c30px|||-5px|false|false\u201d custom_margin_tablet=\u201c20px||||false|false\u201d custom_margin_phone=\u201c30px|||-2px|false|false\u201d custom_margin_last_edited=\u201con|phone\u201d hover_enabled=\u201c0\u201d header_font_size_tablet=\u201c60px\u201d header_font_size_phone=\u201c35px\u201d header_font_size_last_edited=\u201con|phone\u201d header_\u200bletter_\u200bspacing_\u200btablet=\u201d\u201d header_letter_spacing_phone=\u201d-1px\u201d header_letter_spacing_last_edited=\u201con|phone\u201d header_text_shadow_style=\u201cpreset2\u201d header_2_font=\u201d|700||on|||||\u201d header_2_font_size=\u201c81px\u201d header_2_text_color=\u201d#FFFFFF\u201d sticky_enabled=\u201c0\u201d min_height=\u201c148px\u201d]<\/p>\n<h2>Was sind dei\u00adne&nbsp;Ideen&nbsp;?<\/h2>\n<p>[\/et_pb_text][\/et_pb_column][et_pb_column type=\u201c1_3\u201d _builder_version=\u201c4.9.4\u201d _module_preset=\u201cdefault\u201d background_color=\u201d#FFFFFF\u201d custom_padding=\u201c65px|45px|70px|45px|false|true\u201d custom_\u200bpadding_\u200btablet=\u201d\u201d custom_padding_phone=\u201c50px|35px|50px|35px|false|true\u201d custom_padding_last_edited=\u201con|phone\u201d animation_style=\u201cslide\u201d animation_direction=\u201ctop\u201d animation_duration=\u201c1500ms\u201d][et_pb_contact_form email=\u201ckontakt@melis-yeter.de\u201d custom_message=\u201cName:||et_pb_line_break_holder||%%Name%%||et_pb_line_break_holder||E\u2011Mail:||et_pb_line_break_holder||%%Email%%||et_pb_line_break_holder||Nachricht:||et_pb_line_break_holder||%%Message%%\u201d success_message=\u201cDeine Mail wur\u00adde gesen\u00addet!\u201d _builder_version=\u201c4.9.4\u201d _module_preset=\u201cdefault\u201d custom_button=\u201con\u201d button_text_color=\u201d#ffffff\u201d button_bg_color=\u201d#E3000F\u201d min_height=\u201c286.7px\u201d custom_margin=\u201d||34px|||\u201d][et_pb_contact_field field_id=\u201cName\u201d field_title=\u201cName\u201d _builder_version=\u201c3.16\u201d button_text_size__hover_enabled=\u201coff\u201d button_one_text_size__hover_enabled=\u201coff\u201d button_two_text_size__hover_enabled=\u201coff\u201d button_text_color__hover_enabled=\u201coff\u201d button_one_text_color__hover_enabled=\u201coff\u201d button_two_text_color__hover_enabled=\u201coff\u201d button_border_width__hover_enabled=\u201coff\u201d button_one_border_width__hover_enabled=\u201coff\u201d button_two_border_width__hover_enabled=\u201coff\u201d button_border_color__hover_enabled=\u201coff\u201d button_one_border_color__hover_enabled=\u201coff\u201d button_two_border_color__hover_enabled=\u201coff\u201d button_border_radius__hover_enabled=\u201coff\u201d button_one_border_radius__hover_enabled=\u201coff\u201d button_two_border_radius__hover_enabled=\u201coff\u201d button_letter_spacing__hover_enabled=\u201coff\u201d button_one_letter_spacing__hover_enabled=\u201coff\u201d button_two_letter_spacing__hover_enabled=\u201coff\u201d button_bg_color__hover_enabled=\u201coff\u201d button_one_bg_color__hover_enabled=\u201coff\u201d button_two_bg_color__hover_enabled=\u201coff\u201d][\/et_pb_contact_field][et_pb_contact_field field_id=\u201cEmail\u201d field_title=\u201cE\u2011Mail-Adresse\u201d field_type=\u201cemail\u201d _builder_version=\u201c3.16\u201d button_text_size__hover_enabled=\u201coff\u201d button_one_text_size__hover_enabled=\u201coff\u201d button_two_text_size__hover_enabled=\u201coff\u201d button_text_color__hover_enabled=\u201coff\u201d button_one_text_color__hover_enabled=\u201coff\u201d button_two_text_color__hover_enabled=\u201coff\u201d button_border_width__hover_enabled=\u201coff\u201d button_one_border_width__hover_enabled=\u201coff\u201d button_two_border_width__hover_enabled=\u201coff\u201d button_border_color__hover_enabled=\u201coff\u201d button_one_border_color__hover_enabled=\u201coff\u201d button_two_border_color__hover_enabled=\u201coff\u201d button_border_radius__hover_enabled=\u201coff\u201d button_one_border_radius__hover_enabled=\u201coff\u201d button_two_border_radius__hover_enabled=\u201coff\u201d button_letter_spacing__hover_enabled=\u201coff\u201d button_one_letter_spacing__hover_enabled=\u201coff\u201d button_two_letter_spacing__hover_enabled=\u201coff\u201d button_bg_color__hover_enabled=\u201coff\u201d button_one_bg_color__hover_enabled=\u201coff\u201d button_two_bg_color__hover_enabled=\u201coff\u201d][\/et_pb_contact_field][et_pb_contact_field field_id=\u201cMessage\u201d field_title=\u201cNachricht\u201d field_type=\u201ctext\u201d fullwidth_field=\u201con\u201d _builder_version=\u201c3.16\u201d button_text_size__hover_enabled=\u201coff\u201d button_one_text_size__hover_enabled=\u201coff\u201d button_two_text_size__hover_enabled=\u201coff\u201d button_text_color__hover_enabled=\u201coff\u201d button_one_text_color__hover_enabled=\u201coff\u201d button_two_text_color__hover_enabled=\u201coff\u201d button_border_width__hover_enabled=\u201coff\u201d button_one_border_width__hover_enabled=\u201coff\u201d button_two_border_width__hover_enabled=\u201coff\u201d button_border_color__hover_enabled=\u201coff\u201d button_one_border_color__hover_enabled=\u201coff\u201d button_two_border_color__hover_enabled=\u201coff\u201d button_border_radius__hover_enabled=\u201coff\u201d button_one_border_radius__hover_enabled=\u201coff\u201d button_two_border_radius__hover_enabled=\u201coff\u201d button_letter_spacing__hover_enabled=\u201coff\u201d button_one_letter_spacing__hover_enabled=\u201coff\u201d button_two_letter_spacing__hover_enabled=\u201coff\u201d button_bg_color__hover_enabled=\u201coff\u201d button_one_bg_color__hover_enabled=\u201coff\u201d button_two_bg_color__hover_enabled=\u201coff\u201d][\/et_pb_contact_field][\/et_pb_contact_form][et_pb_blurb title=\u201cE\u2011Mail\u201d use_icon=\u201con\u201d font_icon=\u201d%%238%%\u201d icon_color=\u201d#FFFFFF\u201d use_circle=\u201con\u201d icon_placement=\u201cleft\u201d _builder_version=\u201c4.9.4\u201d _module_preset=\u201cdefault\u201d min_height=\u201c61.8px\u201d]kontakt@melis-yeter.de [\/et_pb_blurb][et_pb_blurb title=\u201cTelefon\u201d use_icon=\u201con\u201d font_icon=\u201d%%264%%\u201d icon_color=\u201d#FFFFFF\u201d use_circle=\u201con\u201d icon_placement=\u201cleft\u201d _builder_version=\u201c4.9.4\u201d _module_preset=\u201cdefault\u201d]015739294527[\/et_pb_blurb][\/et_pb_column][\/et_pb_row][\/et_pb_section]<\/p>\n","protected":false},"excerpt":{"rendered":"<p>[et_\u200b\u200bpb_\u200b\u200bsection fb_built=\u201c1\u201d custom_padding_last_edited=\u201con|phone\u201d disabled_on=\u201coff|off|off\u201d _builder_version=\u201c4.9.7\u201d _module_preset=\u201cdefault\u201d background_image=\u201chttps:\/\/melis-yeter.de\/wp-content\/uploads\/2021\/07\/pencil-3744153_1920.jpg\u201d parallax=\u201con\u201d custom_padding=\u201c6vh||6vh||true|false\u201d custom_padding_tablet=\u201c15vh||15vh||true|false\u201d custom_padding_phone=\u201c15vh||15vh||true|false\u201d][et_pb_row _builder_version=\u201c4.9.4\u201d _module_preset=\u201cdefault\u201d][et_pb_column type=\u201c4_4\u201d _builder_version=\u201c4.9.4\u201d _module_preset=\u201cdefault\u201d][et_pb_text _builder_version=\u201c4.9.7\u201d _module_preset=\u201cdefault\u201d text_text_color=\u201d#E3000F\u201d header_font=\u201d|800||on|||||\u201d header_text_align=\u201cleft\u201d header_text_color=\u201d#FFFFFF\u201d header_font_size=\u201c100px\u201d header_line_height=\u201c1.1em\u201d custom_margin=\u201d-1px||||false|false\u201d custom_margin_tablet=\u201d-10px||||false|false\u201d custom_margin_phone=\u201d-10px||||false|false\u201d custom_margin_last_edited=\u201con|phone\u201d hover_enabled=\u201c0\u201d header_font_size_tablet=\u201c70px\u201d header_font_size_phone=\u201c40px\u201d header_font_size_last_edited=\u201con|phone\u201d header_text_shadow_style=\u201cpreset1\u201d sticky_enabled=\u201c0\u201d] Gerech\u00adte Bil\u00addung f\u00fcr&nbsp;alle [\/et_pb_text][\/et_pb_column][\/et_pb_row][\/et_pb_section][et_pb_section fb_built=\u201c1\u201d module_id=\u201csocialmedia\u201d _builder_version=\u201c4.9.4\u201d _module_preset=\u201cdefault\u201d background_color=\u201d#e7f3ec\u201d][et_pb_row _builder_version=\u201c4.9.4\u201d _module_preset=\u201cdefault\u201d][et_pb_column type=\u201c4_4\u201d _builder_version=\u201c4.7.4\u201d _module_preset=\u201cdefault\u201d][et_pb_text _builder_version=\u201c4.9.7\u201d _module_preset=\u201cdefault\u201d text_text_color=\u201c#000000\u201d text_font_size=\u201c18px\u201d text_line_height=\u201c1.8em\u201d header_font=\u201d|800|||||||\u201d header_text_color=\u201c#E02B20\u201d] [\u2026]<\/p>\n","protected":false},"author":3,"featured_media":0,"parent":0,"menu_order":0,"comment_status":"closed","ping_status":"closed","template":"","meta":{"_et_pb_use_builder":"on","_et_pb_old_content":"","_et_gb_content_width":"","wp_typography_post_enhancements_disabled":false},"yoast_head":"<!-- This site is optimized with the Yoast SEO plugin v16.6.1 - https:\/\/yoast.com\/wordpress\/plugins\/seo\/ -->\n<title>Melis Yeter | Jedes Kind verdient gerechte Bildung<\/title>\n<meta name=\"description\" content=\"Jedes Kind verdient gerechte Bildung auf ein gl\u00fcckliches und selbstst\u00e4ndiges Leben. Daf\u00fcr setze ich mich ein.\" \/>\n<meta name=\"robots\" content=\"index, follow, max-snippet:-1, max-image-preview:large, max-video-preview:-1\" \/>\n<link rel=\"canonical\" href=\"https:\/\/melis-yeter.de\/?page_id=344\" \/>\n<meta property=\"og:locale\" content=\"de_DE\" \/>\n<meta property=\"og:type\" content=\"article\" \/>\n<meta property=\"og:title\" content=\"Melis Yeter | Jedes Kind verdient gerechte Bildung\" \/>\n<meta property=\"og:description\" content=\"Jedes Kind verdient gerechte Bildung auf ein gl\u00fcckliches und selbstst\u00e4ndiges Leben. Daf\u00fcr setze ich mich ein.\" \/>\n<meta property=\"og:url\" content=\"https:\/\/melis-yeter.de\/?page_id=344\" \/>\n<meta property=\"og:site_name\" content=\"Melis Yeter\" \/>\n<meta property=\"article:modified_time\" content=\"2021-08-23T19:02:53+00:00\" \/>\n<meta property=\"og:image\" content=\"https:\/\/melis-yeter.de\/wp-content\/uploads\/2021\/05\/Melis_2-2-scaled.jpg\" \/>\n\t<meta property=\"og:image:width\" content=\"2560\" \/>\n\t<meta property=\"og:image:height\" content=\"1707\" \/>\n<meta name=\"twitter:card\" content=\"summary_large_image\" \/>\n<meta name=\"twitter:label1\" content=\"Gesch\u00e4tzte Lesezeit\" \/>\n\t<meta name=\"twitter:data1\" content=\"2\u00a0Minuten\" \/>\n<script type=\"application\/ld+json\" class=\"yoast-schema-graph\">{\"@context\":\"https:\/\/schema.org\",\"@graph\":[{\"@type\":[\"Person\",\"Organization\"],\"@id\":\"https:\/\/melis-yeter.de\/#\/schema\/person\/d31c25277f7ffbe6a2e4089bb7ea9475\",\"name\":\"MelisYeter\",\"image\":{\"@type\":\"ImageObject\",\"@id\":\"https:\/\/melis-yeter.de\/#personlogo\",\"inLanguage\":\"de\",\"url\":\"https:\/\/melis-yeter.de\/wp-content\/uploads\/2020\/12\/cropped-IMG_3148@05x-scaled-1.jpg\",\"contentUrl\":\"https:\/\/melis-yeter.de\/wp-content\/uploads\/2020\/12\/cropped-IMG_3148@05x-scaled-1.jpg\",\"width\":512,\"height\":512,\"caption\":\"MelisYeter\"},\"logo\":{\"@id\":\"https:\/\/melis-yeter.de\/#personlogo\"}},{\"@type\":\"WebSite\",\"@id\":\"https:\/\/melis-yeter.de\/#website\",\"url\":\"https:\/\/melis-yeter.de\/\",\"name\":\"Melis Yeter\",\"description\":\"Von hier. Zusammen. Voran.\",\"publisher\":{\"@id\":\"https:\/\/melis-yeter.de\/#\/schema\/person\/d31c25277f7ffbe6a2e4089bb7ea9475\"},\"potentialAction\":[{\"@type\":\"SearchAction\",\"target\":{\"@type\":\"EntryPoint\",\"urlTemplate\":\"https:\/\/melis-yeter.de\/?s={search_term_string}\"},\"query-input\":\"required name=search_term_string\"}],\"inLanguage\":\"de\"},{\"@type\":[\"WebPage\",\"ItemPage\"],\"@id\":\"https:\/\/melis-yeter.de\/?page_id=344#webpage\",\"url\":\"https:\/\/melis-yeter.de\/?page_id=344\",\"name\":\"Melis Yeter | Jedes Kind verdient gerechte Bildung\",\"isPartOf\":{\"@id\":\"https:\/\/melis-yeter.de\/#website\"},\"datePublished\":\"2021-07-25T19:52:48+00:00\",\"dateModified\":\"2021-08-23T19:02:53+00:00\",\"description\":\"Jedes Kind verdient gerechte Bildung auf ein gl\\u00fcckliches und selbstst\\u00e4ndiges Leben. Daf\\u00fcr setze ich mich ein.\",\"breadcrumb\":{\"@id\":\"https:\/\/melis-yeter.de\/?page_id=344#breadcrumb\"},\"inLanguage\":\"de\",\"potentialAction\":[{\"@type\":\"ReadAction\",\"target\":[\"https:\/\/melis-yeter.de\/?page_id=344\"]}]},{\"@type\":\"BreadcrumbList\",\"@id\":\"https:\/\/melis-yeter.de\/?page_id=344#breadcrumb\",\"itemListElement\":[{\"@type\":\"ListItem\",\"position\":1,\"name\":\"Startseite\",\"item\":\"https:\/\/melis-yeter.de\/\"},{\"@type\":\"ListItem\",\"position\":2,\"name\":\"Gerechte Bildung\"}]}]}<\/script>\n<!-- \/ Yoast SEO plugin. -->","_links":{"self":[{"href":"https:\/\/melis-yeter.de\/index.php?rest_route=\/wp\/v2\/pages\/344"}],"collection":[{"href":"https:\/\/melis-yeter.de\/index.php?rest_route=\/wp\/v2\/pages"}],"about":[{"href":"https:\/\/melis-yeter.de\/index.php?rest_route=\/wp\/v2\/types\/page"}],"author":[{"embeddable":true,"href":"https:\/\/melis-yeter.de\/index.php?rest_route=\/wp\/v2\/users\/3"}],"replies":[{"embeddable":true,"href":"https:\/\/melis-yeter.de\/index.php?rest_route=%2Fwp%2Fv2%2Fcomments&post=344"}],"version-history":[{"count":9,"href":"https:\/\/melis-yeter.de\/index.php?rest_route=\/wp\/v2\/pages\/344\/revisions"}],"predecessor-version":[{"id":400,"href":"https:\/\/melis-yeter.de\/index.php?rest_route=\/wp\/v2\/pages\/344\/revisions\/400"}],"wp:attachment":[{"href":"https:\/\/melis-yeter.de\/index.php?rest_route=%2Fwp%2Fv2%2Fmedia&parent=344"}],"curies":[{"name":"wp","href":"https:\/\/api.w.org\/{rel}","templated":true}]}}